{"id":12,"date":"2022-03-02T10:19:21","date_gmt":"2022-03-02T10:19:21","guid":{"rendered":"https:\/\/demo.creativethemes.com\/blocksy\/home-decor\/?page_id=12"},"modified":"2024-10-15T13:37:25","modified_gmt":"2024-10-15T19:37:25","slug":"about-us","status":"publish","type":"page","link":"https:\/\/tazasgg.com\/index.php\/about-us\/","title":{"rendered":"Quienes somos"},"content":{"rendered":"<div class=\"wp-block-stackable-columns alignfull stk-block-columns stk-block stk-dc595a3 stk-block-background\" data-block-id=\"dc595a3\"><style>.stk-dc595a3 {background-color:var(--paletteColor5, #EEEEEE) !important;padding-top:120px !important;padding-bottom:120px !important;margin-bottom:0px !important;}.stk-dc595a3:before{background-color:var(--paletteColor5, #EEEEEE) !important;}@media screen and (max-width:999px){.stk-dc595a3 {padding-top:80px !important;padding-bottom:80px !important;}}<\/style><div class=\"stk-row stk-inner-blocks stk-block-content stk-content-align stk-dc595a3-column\"><div class=\"wp-block-stackable-column stk-block-column stk-column stk-block stk-29e92bc\" data-v=\"4\" data-block-id=\"29e92bc\"><style>.stk-29e92bc-container{margin-top:0px !important;margin-right:0px !important;margin-bottom:0px !important;margin-left:0px !important;}<\/style><div class=\"stk-column-wrapper stk-block-column__content stk-container stk-29e92bc-container stk--no-background stk--no-padding\"><div class=\"stk-block-content stk-inner-blocks stk-29e92bc-inner-blocks\"><div class=\"wp-block-stackable-heading stk-block-heading stk-block-heading--v2 stk-block stk-2d08bbf\" id=\"acerca-de-nosotros\" data-block-id=\"2d08bbf\"><style>.stk-2d08bbf .stk-block-heading__text{font-size:80px !important;}@media screen and (max-width:999px){.stk-2d08bbf .stk-block-heading__text{font-size:45px !important;}}@media screen and (max-width:689px){.stk-2d08bbf .stk-block-heading__text{font-size:35px !important;}}<\/style><h2 class=\"stk-block-heading__text has-text-align-center\">Acerca de nosotros<\/h2><\/div><\/div><\/div><\/div><\/div><\/div><div class=\"wp-block-stackable-spacer stk-block-spacer stk--no-padding stk-block stk-938bbb3\" data-block-id=\"938bbb3\"><style>.stk-938bbb3 {height:120px !important;}@media screen and (max-width:999px){.stk-938bbb3 {height:80px !important;}}<\/style><\/div><div class=\"wp-block-stackable-columns stk-block-columns stk-block stk-a25dc6b\" data-block-id=\"a25dc6b\"><style>.stk-a25dc6b {margin-bottom:0px !important;}.stk-a25dc6b-column{--stk-column-gap:100px !important;row-gap:50px !important;}<\/style><div class=\"stk-row stk-inner-blocks stk-block-content stk-content-align stk-a25dc6b-column\"><div class=\"wp-block-stackable-column stk-block-column stk-column stk-block stk-637db20\" data-v=\"4\" data-block-id=\"637db20\"><style>.stk-637db20-container{margin-top:0px !important;margin-right:0px !important;margin-bottom:0px !important;margin-left:0px !important;}@media screen and (min-width:690px){.stk-637db20 {flex:var(--stk-flex-grow, 1) 1 calc(63.1% - var(--stk-column-gap, 0px) * 1 \/ 2 ) !important;}}@media screen and (min-width:690px) and (max-width:999px){.stk-637db20 {flex:var(--stk-flex-grow, 1) 1 calc(100% - var(--stk-column-gap, 0px) * 0 \/ 1 ) !important;}}<\/style><div class=\"stk-column-wrapper stk-block-column__content stk-container stk-637db20-container stk--no-background stk--no-padding\"><div class=\"stk-block-content stk-inner-blocks stk-637db20-inner-blocks\"><div class=\"wp-block-stackable-image-box stk-block-image-box stk-hover-parent stk-block stk-6ecff93\" data-block-id=\"6ecff93\"><div class=\"stk-block-content stk-inner-blocks has-text-align-center stk-row stk-block-image-box__content\"><div class=\"wp-block-stackable-image stk-block-image stk-block stk-f0f863f\" data-block-id=\"f0f863f\"><style>.stk-f0f863f .stk-img-wrapper{filter:drop-shadow(none) !important;}.stk-f0f863f .stk-img-wrapper img{transform:scale(1.02) !important;border-radius:0px !important;}@media screen and (max-width:999px){.stk-f0f863f .stk-img-wrapper{height:600px !important;}.stk-f0f863f .stk-img-wrapper img{object-position:49% 1% !important;}}<\/style><figure><span class=\"stk-img-wrapper stk-image--shape-stretch stk--shadow-none\"><img loading=\"lazy\" decoding=\"async\" class=\"stk-img wp-image-959\" src=\"https:\/\/tazasgg.com\/wp-content\/uploads\/2022\/04\/Taza-web-2_b.gif\" width=\"1728\" height=\"864\"\/><\/span><\/figure><\/div>\n\n<div class=\"wp-block-stackable-column stk-block-column stk-column stk-block stk-618ac50\" data-v=\"4\" data-block-id=\"618ac50\"><style>.stk-618ac50 {align-items:center !important;display:flex !important;}<\/style><div class=\"stk-column-wrapper stk-block-column__content stk-container stk-618ac50-container stk--no-background stk--no-padding\"><div class=\"stk-block-content stk-inner-blocks stk-618ac50-inner-blocks\"><div class=\"wp-block-stackable-text stk-block-text stk-block stk-fa3998f\" data-block-id=\"fa3998f\"><style>.stk-fa3998f {opacity:0 !important;}:where(.stk-hover-parent:hover,  .stk-hover-parent.stk--is-hovered) .stk-fa3998f{opacity:1 !important;}.stk-fa3998f .stk-block-text__text{color:#FFFFFF !important;}<\/style><p class=\"stk-block-text__text has-text-color has-white-color\">Texto para este bloque<\/p><\/div><\/div><\/div><\/div><\/div><\/div><\/div><\/div><\/div>\n\n<div class=\"wp-block-stackable-column stk-block-column stk-column stk-block stk-2039561\" data-v=\"4\" data-block-id=\"2039561\"><style>.stk-2039561-container{margin-top:0px !important;margin-right:0px !important;margin-bottom:0px !important;margin-left:0px !important;}.stk-2039561 {align-self:center !important;}@media screen and (min-width:690px){.stk-2039561 {flex:var(--stk-flex-grow, 1) 1 calc(36.9% - var(--stk-column-gap, 0px) * 1 \/ 2 ) !important;}}@media screen and (min-width:690px) and (max-width:999px){.stk-2039561 {flex:var(--stk-flex-grow, 1) 1 calc(100% - var(--stk-column-gap, 0px) * 0 \/ 1 ) !important;}}<\/style><div class=\"stk-column-wrapper stk-block-column__content stk-container stk-2039561-container stk--no-background stk--no-padding\"><div class=\"stk-block-content stk-inner-blocks stk-2039561-inner-blocks\"><div class=\"wp-block-stackable-heading stk-block-heading stk-block-heading--v2 stk-block stk-b61712c\" id=\"tazas-gourmet-gallery\" data-block-id=\"b61712c\"><style>.stk-b61712c {margin-bottom:20px !important;}.stk-b61712c .stk-block-heading__text{font-size:40px !important;}@media screen and (max-width:999px){.stk-b61712c .stk-block-heading__text{font-size:30px !important;}}<\/style><h2 class=\"stk-block-heading__text has-text-align-center-mobile\">Tazas Gourmet Gallery<\/h2><\/div>\n\n<div class=\"wp-block-stackable-text stk-block-text stk-block stk-726f1c8\" data-block-id=\"726f1c8\"><style>.stk-726f1c8 {margin-bottom:50px !important;}<\/style><p class=\"stk-block-text__text has-text-align-center has-text-align-center-mobile\">Una empresa dedicada a la impresi\u00f3n de Tazas, nuestros dise\u00f1os de la <strong>Serie Gold son exclusivos y \u00fanicos<\/strong>, contamos con nuestra dise\u00f1adora exclusiva Fatima B, adem\u00e1s esta serie tiene certificado con folio.<\/p><\/div>\n\n<div class=\"wp-block-stackable-text stk-block-text stk-block stk-41b6002\" data-block-id=\"41b6002\"><p class=\"stk-block-text__text has-text-align-left\">Somos una empresa 100% mexicana, esencialmente responsables con las <strong>personas y el medio ambiente.<\/strong><\/p><\/div>\n\n<p>La <strong>tienda en linea de tazas  mas grande de M\u00e9xico<\/strong>, contamos con cientos de tazas solo para t\u00ed.<\/p>\n\n<div class=\"wp-block-stackable-heading stk-block-heading stk-block-heading--v2 stk-block stk-507d09c\" id=\"equipo-tazasgg-com\" data-block-id=\"507d09c\"><style>.stk-507d09c {margin-bottom:0px !important;}<\/style><h5 class=\"stk-block-heading__text has-text-align-center-mobile\">Equipo tazasgg.com<\/h5><\/div><\/div><\/div><\/div><\/div><\/div><div class=\"wp-block-stackable-spacer stk-block-spacer stk--no-padding stk-block stk-5fd6ea2\" data-block-id=\"5fd6ea2\"><style>.stk-5fd6ea2 {height:120px !important;}@media screen and (max-width:999px){.stk-5fd6ea2 {height:80px !important;}}<\/style><\/div><div class=\"wp-block-stackable-video-popup stk-block-video-popup stk-block stk-c37450b\" data-video=\"https:\/\/youtu.be\/_kap4pdqkMQ\" data-block-id=\"c37450b\"><style>.stk-c37450b{margin-bottom:0px !important}<\/style><div class=\"stk-block-video-popup__overlay stk-row stk-inner-blocks stk-block-content stk-hover-parent\" aria-label=\"Play Video\" tabindex=\"0\" role=\"button\">\n<div class=\"wp-block-stackable-icon stk-block-icon has-text-align-center stk-block stk-3d1ade3\" data-block-id=\"3d1ade3\"><span class=\"stk--svg-wrapper\"><div class=\"stk--inner-svg\"><svg style=\"height:0;width:0\"><defs><linearGradient id=\"linear-gradient-3d1ade3\" x1=\"0\" x2=\"100%\" y1=\"0\" y2=\"0\"><stop offset=\"0%\" style=\"stop-opacity:1;stop-color:var(--linear-gradient-3-d-1-ade-3-color-1)\"><\/stop><stop offset=\"100%\" style=\"stop-opacity:1;stop-color:var(--linear-gradient-3-d-1-ade-3-color-2)\"><\/stop><\/linearGradient><\/defs><\/svg><svg data-prefix=\"fas\" data-icon=\"play\" class=\"svg-inline--fa fa-play fa-w-14\" xmlns=\"http:\/\/www.w3.org\/2000\/svg\" viewBox=\"0 0 448 512\" aria-hidden=\"true\" width=\"32\" height=\"32\"><path fill=\"currentColor\" d=\"M424.4 214.7L72.4 6.6C43.8-10.3 0 6.1 0 47.9V464c0 37.5 40.7 60.1 72.4 41.3l352-208c31.4-18.5 31.5-64.1 0-82.6z\"><\/path><\/svg><\/div><\/span><\/div>\n<div class=\"wp-block-stackable-image stk-block-image stk-block stk-c2176ba\" data-block-id=\"c2176ba\"><\/div>\n<\/div><\/div><div class=\"wp-block-stackable-spacer stk-block-spacer stk--no-padding stk-block stk-27caeb1\" data-block-id=\"27caeb1\"><style>.stk-27caeb1 {height:70px !important;}@media screen and (max-width:999px){.stk-27caeb1 {height:50px !important;}}<\/style><\/div><div class=\"wp-block-stackable-text stk-block-text stk-block stk-ad2410d\" data-block-id=\"ad2410d\"><style>.stk-ad2410d {max-width:900px !important;min-width:auto !important;margin-right:auto !important;margin-left:auto !important;}.stk-ad2410d .stk-block-text__text{font-size:17px !important;}@media screen and (max-width:999px){.stk-ad2410d {margin-bottom:0px !important;}.stk-ad2410d .stk-block-text__text{font-size:17px !important;}}<\/style><p class=\"stk-block-text__text has-text-align-center\">Pr\u00f3ximamente: V\u00eddeo de la elaboraci\u00f3n de nuestras tazas<\/p><\/div><div class=\"wp-block-stackable-spacer stk-block-spacer stk--no-padding stk-block stk-e2a2e99\" data-block-id=\"e2a2e99\"><style>.stk-e2a2e99 {height:120px !important;}@media screen and (max-width:999px){.stk-e2a2e99 {height:80px !important;}}<\/style><\/div><div class=\"wp-block-stackable-columns alignfull stk-block-columns stk-block stk-8a34660 stk-block-background\" data-block-id=\"8a34660\"><style>.stk-8a34660 {padding-top:120px !important;padding-bottom:120px !important;margin-bottom:0px !important;}@media screen and (max-width:999px){.stk-8a34660 {padding-top:80px !important;padding-bottom:80px !important;}}<\/style><div class=\"stk-row stk-inner-blocks stk-block-content stk-content-align stk-8a34660-column\"><div class=\"wp-block-stackable-column stk-block-column stk-column stk-block stk-35bea07\" data-v=\"4\" data-block-id=\"35bea07\"><style>.stk-35bea07-container{margin-top:0px !important;margin-right:0px !important;margin-bottom:0px !important;margin-left:0px !important;}<\/style><div class=\"stk-column-wrapper stk-block-column__content stk-container stk-35bea07-container stk--no-background stk--no-padding\"><div class=\"stk-block-content stk-inner-blocks stk-35bea07-inner-blocks\"><div class=\"wp-block-stackable-heading stk-block-heading stk-block-heading--v2 stk-block stk-0f0f3e3\" id=\"nuestras-tazas-son-de-la-mejor-calidad\" data-block-id=\"0f0f3e3\"><style>.stk-0f0f3e3 {margin-bottom:40px !important;}@media screen and (max-width:999px){.stk-0f0f3e3 .stk-block-heading__text{font-size:30px !important;}}<\/style><h2 class=\"stk-block-heading__text has-text-align-center\">Nuestras Tazas son de la mejor calidad<\/h2><\/div><\/div><\/div><\/div><\/div><\/div>","protected":false},"excerpt":{"rendered":"<p>Acerca de nosotros Texto para este bloque Tazas Gourmet Gallery Una empresa dedicada a la impresi\u00f3n de Tazas, nuestros dise\u00f1os de la Serie Gold son exclusivos y \u00fanicos, contamos con nuestra dise\u00f1adora exclusiva Fatima B, adem\u00e1s esta serie tiene certificado con folio. Somos una empresa 100% mexicana, esencialmente responsables con las personas y el medio [&hellip;]<\/p>\n","protected":false},"author":1,"featured_media":0,"parent":0,"menu_order":0,"comment_status":"closed","ping_status":"closed","template":"","meta":{"footnotes":""},"class_list":["post-12","page","type-page","status-publish","hentry"],"blocksy_meta":{"styles_descriptor":{"styles":{"desktop":"","tablet":"","mobile":""},"google_fonts":[],"version":6},"page_title_panel":"","has_hero_section":"disabled","4a6c26e3489cfc452f0c7089ef3cf078":"","hero_section":"type-1","hero_elements":[{"id":"custom_title","enabled":true,"heading_tag":"h1","title":"Home"},{"id":"custom_description","enabled":true,"description_visibility":{"desktop":true,"tablet":true,"mobile":false}},{"id":"custom_meta","enabled":false,"meta_elements":[{"id":"author","enabled":true,"label":"By","has_author_avatar":"yes","avatar_size":25},{"id":"post_date","enabled":true,"label":"On","date_format_source":"default","date_format":"M j, Y"},{"id":"updated_date","enabled":false,"label":"On","date_format_source":"default","date_format":"M j, Y"},{"id":"categories","enabled":false,"label":"In","style":"simple"},{"id":"comments","enabled":true}],"page_meta_elements":{"joined":true,"articles_count":true,"comments":true}},{"id":"breadcrumbs","enabled":false}],"fe562f922a7890432068950dda17c488":"","hero_alignment1":"CT_CSS_SKIP_RULE","hero_margin":40,"hero_alignment2":"center","hero_vertical_alignment":"center","21ff91474bdbf7e3262b971e98d91af2":"","hero_structure":"narrow","efbca305c45ecabd3d17e2c3bd7c910d":"","page_title_bg_type":"featured_image","custom_hero_background":{"attachment_id":null},"page_title_image_size":"full","parallax":{"desktop":false,"tablet":false,"mobile":false},"5ba28e80c5f05ca70537edad0eefaf73":"","hero_height":"250px","pageTitleFont":{"family":"Default","variation":"Default","size":"30px","line-height":"CT_CSS_SKIP_RULE","letter-spacing":"CT_CSS_SKIP_RULE","text-transform":"CT_CSS_SKIP_RULE","text-decoration":"CT_CSS_SKIP_RULE"},"pageTitleFontColor":{"default":{"color":"CT_CSS_SKIP_RULEDEFAULT"}},"pageMetaFont":{"family":"Default","variation":"n6","size":"12px","line-height":"1.3","letter-spacing":"CT_CSS_SKIP_RULE","text-transform":"uppercase","text-decoration":"CT_CSS_SKIP_RULE"},"pageMetaFontColor":{"default":{"color":"CT_CSS_SKIP_RULEDEFAULT"},"hover":{"color":"CT_CSS_SKIP_RULEDEFAULT"}},"page_meta_button_type_font_colors":{"default":{"color":"CT_CSS_SKIP_RULEDEFAULT"},"hover":{"color":"CT_CSS_SKIP_RULEDEFAULT"}},"page_meta_button_type_background_colors":{"default":{"color":"CT_CSS_SKIP_RULEDEFAULT"},"hover":{"color":"CT_CSS_SKIP_RULEDEFAULT"}},"pageExcerptFont":{"family":"Default","variation":"Default","size":"CT_CSS_SKIP_RULE","line-height":"CT_CSS_SKIP_RULE","letter-spacing":"CT_CSS_SKIP_RULE","text-transform":"CT_CSS_SKIP_RULE","text-decoration":"CT_CSS_SKIP_RULE"},"pageExcerptColor":{"default":{"color":"CT_CSS_SKIP_RULEDEFAULT"}},"breadcrumbsFont":{"family":"Default","variation":"Default","size":"CT_CSS_SKIP_RULE","line-height":"CT_CSS_SKIP_RULE","letter-spacing":"CT_CSS_SKIP_RULE","text-transform":"CT_CSS_SKIP_RULE","text-decoration":"CT_CSS_SKIP_RULE"},"breadcrumbsFontColor":{"default":{"color":"CT_CSS_SKIP_RULEDEFAULT"},"initial":{"color":"CT_CSS_SKIP_RULEDEFAULT"},"hover":{"color":"CT_CSS_SKIP_RULEDEFAULT"}},"pageTitleOverlay":{"background_type":"color","background_pattern":"type-1","background_image":{"attachment_id":null,"x":0,"y":0},"gradient":"linear-gradient(135deg,rgba(6,147,227,1) 0%,rgb(155,81,224) 100%)","background_repeat":"repeat","background_size":"auto","background_attachment":"scroll","patternColor":{"default":{"color":"#e5e7ea"}},"overlayColor":{"default":{"color":"CT_CSS_SKIP_RULE"}},"backgroundColor":{"default":{"color":"CT_CSS_SKIP_RULE"}}},"pageTitleBackground":{"background_type":"color","background_pattern":"type-1","background_image":{"attachment_id":null,"x":0,"y":0},"gradient":"linear-gradient(135deg,rgba(6,147,227,1) 0%,rgb(155,81,224) 100%)","background_repeat":"repeat","background_size":"auto","background_attachment":"scroll","patternColor":{"default":{"color":"#e5e7ea"}},"overlayColor":{"default":{"color":"CT_CSS_SKIP_RULE"}},"backgroundColor":{"default":{"color":"var(--paletteColor6)"}}},"pageTitlePadding":{"top":"50px","bottom":"50px","left":"auto","right":"auto","linked":true},"a271f1d3e5a6bce1f48f7d72e3fe62cd":"","page_structure_type":"default","ac8f391930b733f81c8c2034fe54f4c4":"","content_style_source":"inherit","content_style":"wide","vertical_spacing_source":"custom","content_area_spacing":"none","background":{"background_type":"color","background_pattern":"type-1","background_image":{"attachment_id":null,"x":0,"y":0},"gradient":"linear-gradient(135deg,rgba(6,147,227,1) 0%,rgb(155,81,224) 100%)","background_repeat":"repeat","background_size":"auto","background_attachment":"scroll","patternColor":{"default":{"color":"#e5e7ea"}},"overlayColor":{"default":{"color":"CT_CSS_SKIP_RULE"}},"backgroundColor":{"default":{"color":"CT_CSS_SKIP_RULE"}}},"content_background":{"background_type":"color","background_pattern":"type-1","background_image":{"attachment_id":null,"x":0,"y":0},"gradient":"linear-gradient(135deg,rgba(6,147,227,1) 0%,rgb(155,81,224) 100%)","background_repeat":"repeat","background_size":"auto","background_attachment":"scroll","patternColor":{"default":{"color":"#e5e7ea"}},"overlayColor":{"default":{"color":"CT_CSS_SKIP_RULE"}},"backgroundColor":{"default":{"color":"var(--paletteColor8)"}}},"content_boxed_shadow":{"inherit":false,"blur":18,"spread":-6,"v_offset":12,"h_offset":0,"inset":false,"enable":true,"color":{"color":"rgba(34, 56, 101, 0.04)"}},"boxed_content_spacing":{"desktop":{"top":"40px","bottom":"40px","left":"40px","right":"40px","linked":true},"tablet":{"top":"35px","bottom":"35px","left":"35px","right":"35px","linked":true},"mobile":{"top":"20px","bottom":"20px","left":"20px","right":"20px","linked":true}},"content_boxed_radius":{"top":"3px","bottom":"3px","left":"3px","right":"3px","linked":true},"a38c1b35b8d2e65b9d89492d033c438a":"","disable_featured_image":"no","disable_share_box":"no","disable_header":"no","disable_footer":"no"},"_links":{"self":[{"href":"https:\/\/tazasgg.com\/index.php\/wp-json\/wp\/v2\/pages\/12","targetHints":{"allow":["GET"]}}],"collection":[{"href":"https:\/\/tazasgg.com\/index.php\/wp-json\/wp\/v2\/pages"}],"about":[{"href":"https:\/\/tazasgg.com\/index.php\/wp-json\/wp\/v2\/types\/page"}],"author":[{"embeddable":true,"href":"https:\/\/tazasgg.com\/index.php\/wp-json\/wp\/v2\/users\/1"}],"replies":[{"embeddable":true,"href":"https:\/\/tazasgg.com\/index.php\/wp-json\/wp\/v2\/comments?post=12"}],"version-history":[{"count":11,"href":"https:\/\/tazasgg.com\/index.php\/wp-json\/wp\/v2\/pages\/12\/revisions"}],"predecessor-version":[{"id":2395,"href":"https:\/\/tazasgg.com\/index.php\/wp-json\/wp\/v2\/pages\/12\/revisions\/2395"}],"wp:attachment":[{"href":"https:\/\/tazasgg.com\/index.php\/wp-json\/wp\/v2\/media?parent=12"}],"curies":[{"name":"wp","href":"https:\/\/api.w.org\/{rel}","templated":true}]}}