{"id":561,"date":"2022-03-02T10:19:02","date_gmt":"2022-03-02T10:19:02","guid":{"rendered":"https:\/\/demo.creativethemes.com\/blocksy\/home-decor\/?page_id=8"},"modified":"2024-08-20T20:23:33","modified_gmt":"2024-08-21T02:23:33","slug":"services","status":"publish","type":"page","link":"https:\/\/tazasgg.com\/index.php\/services\/","title":{"rendered":"Servicios"},"content":{"rendered":"<div class=\"wp-block-stackable-columns alignfull stk-block-columns stk-block stk-7ef4b91 stk-block-background\" data-block-id=\"7ef4b91\"><style>.stk-7ef4b91{background-color:var(--paletteColor5,#EEEEEE) !important;padding-top:120px !important;padding-bottom:120px !important;margin-bottom:0px !important}.stk-7ef4b91:before{background-color:var(--paletteColor5,#EEEEEE) !important}@media screen and (max-width:999px){.stk-7ef4b91{padding-top:80px !important;padding-bottom:80px !important}}<\/style><div class=\"stk-row stk-inner-blocks stk-block-content stk-content-align stk-7ef4b91-column\"><div class=\"wp-block-stackable-column stk-block-column stk-column stk-block stk-a01f232\" data-v=\"4\" data-block-id=\"a01f232\"><style>.stk-a01f232-container{margin-top:0px !important;margin-right:0px !important;margin-bottom:0px !important;margin-left:0px !important}<\/style><div class=\"stk-column-wrapper stk-block-column__content stk-container stk-a01f232-container stk--no-background stk--no-padding\"><div class=\"stk-block-content stk-inner-blocks stk-a01f232-inner-blocks\"><div class=\"wp-block-stackable-heading stk-block-heading stk-block-heading--v2 stk-block stk-673a5e3\" id=\"servicios-adicionales\" data-block-id=\"673a5e3\"><style>.stk-673a5e3 .stk-block-heading__text{font-size:80px !important}@media screen and (max-width:999px){.stk-673a5e3 .stk-block-heading__text{font-size:45px !important}}@media screen and (max-width:689px){.stk-673a5e3 .stk-block-heading__text{font-size:35px !important}}<\/style><h2 class=\"stk-block-heading__text has-text-align-center\">Servicios Adicionales<\/h2><\/div><\/div><\/div><\/div><\/div><\/div><div class=\"wp-block-stackable-spacer stk-block-spacer stk--no-padding stk-block stk-9e122ab\" data-block-id=\"9e122ab\"><style>.stk-9e122ab{height:27px !important}@media screen and (max-width:999px){.stk-9e122ab{height:80px !important}}<\/style><\/div><div class=\"wp-block-stackable-columns stk-block-columns stk-block stk-fbfad2f\" data-block-id=\"fbfad2f\"><style>.stk-fbfad2f{margin-bottom:0px !important}.stk-fbfad2f-column{--stk-column-gap:100px !important;row-gap:50px !important}<\/style><div class=\"stk-row stk-inner-blocks stk-block-content stk-content-align stk-fbfad2f-column\"><div class=\"wp-block-stackable-column stk-block-column stk-column stk-block stk-f6b878b\" data-v=\"4\" data-block-id=\"f6b878b\"><style>.stk-f6b878b-container{margin-top:0px !important;margin-right:0px !important;margin-bottom:0px !important;margin-left:0px !important}.stk-f6b878b{align-self:center !important}@media screen and (min-width:690px){.stk-f6b878b{flex:var(--stk-flex-grow,1) 1 calc(42% - var(--stk-column-gap,0px) * 1 \/ 2 ) !important}}@media screen and (min-width:690px) and (max-width:999px){.stk-f6b878b{flex:var(--stk-flex-grow,1) 1 calc(100% - var(--stk-column-gap,0px) * 0 \/ 1 ) !important}}<\/style><div class=\"stk-column-wrapper stk-block-column__content stk-container stk-f6b878b-container stk--no-background stk--no-padding\"><div class=\"stk-block-content stk-inner-blocks stk-f6b878b-inner-blocks\"><div class=\"wp-block-stackable-heading stk-block-heading stk-block-heading--v2 stk-block stk-76f54b3\" id=\"tu-taza-sufrio-un-accidente\" data-block-id=\"76f54b3\"><style>.stk-76f54b3{margin-bottom:20px !important}.stk-76f54b3 .stk-block-heading__text{font-size:40px !important}@media screen and (max-width:999px){.stk-76f54b3 .stk-block-heading__text{font-size:30px !important}}<\/style><h2 class=\"stk-block-heading__text has-text-align-center-mobile\">Tu taza sufri\u00f3 un accidente?<\/h2><\/div>\n\n<div class=\"wp-block-stackable-text stk-block-text stk-block stk-710e458\" data-block-id=\"710e458\"><p class=\"stk-block-text__text has-text-align-center-mobile\">En Tazas Gourmet Gallery, sabemos que tu taza es algo muy preciado.<\/p><\/div>\n\n<div class=\"wp-block-stackable-text stk-block-text stk-block stk-d5ceb1f\" data-block-id=\"d5ceb1f\"><style>.stk-d5ceb1f{margin-bottom:50px !important}<\/style><p class=\"stk-block-text__text has-text-align-center-mobile\">Por ese motivo, si tienes una taza serie Gold y se da\u00f1\u00f3, puedes adquirir una nueva, solo env\u00edanos tu nombre, una foto de la taza da\u00f1ada; Nosotros con gusto reponemos la taza que tanto amas y puedas seguir disfrutando como siempre. * Aplican Restricciones<\/p><\/div>\n\n<div class=\"wp-block-stackable-text stk-block-text stk-block stk-2c5261e\" data-block-id=\"2c5261e\"><p class=\"stk-block-text__text\"> <\/p><\/div><\/div><\/div><\/div>\n\n<div class=\"wp-block-stackable-column stk-block-column stk-column stk-block stk-277ef11\" data-v=\"4\" data-block-id=\"277ef11\"><style>.stk-277ef11-container{margin-top:0px !important;margin-right:0px !important;margin-bottom:0px !important;margin-left:0px !important}@media screen and (min-width:690px){.stk-277ef11{flex:var(--stk-flex-grow,1) 1 calc(58% - var(--stk-column-gap,0px) * 1 \/ 2 ) !important}}@media screen and (min-width:690px) and (max-width:999px){.stk-277ef11{flex:var(--stk-flex-grow,1) 1 calc(100% - var(--stk-column-gap,0px) * 0 \/ 1 ) !important}}<\/style><div class=\"stk-column-wrapper stk-block-column__content stk-container stk-277ef11-container stk--no-background stk--no-padding\"><div class=\"stk-block-content stk-inner-blocks stk-277ef11-inner-blocks\"><div class=\"wp-block-stackable-columns stk-block-columns stk-block stk-7a24b51\" data-block-id=\"7a24b51\"><style>.stk-7a24b51-column{--stk-column-gap:20px !important;row-gap:20px !important}<\/style><div class=\"stk-row stk-inner-blocks stk-block-content stk-content-align stk-7a24b51-column\"><div class=\"wp-block-stackable-column stk-block-column stk-column stk-block stk-ee4f7eb\" data-v=\"4\" data-block-id=\"ee4f7eb\"><style>.stk-ee4f7eb-container{margin-top:0px !important;margin-right:0px !important;margin-bottom:0px !important;margin-left:0px !important}.stk-ee4f7eb{align-self:center !important}<\/style><div class=\"stk-column-wrapper stk-block-column__content stk-container stk-ee4f7eb-container stk--no-background stk--no-padding\"><div class=\"stk-block-content stk-inner-blocks stk-ee4f7eb-inner-blocks\"><div class=\"wp-block-stackable-image stk-block-image stk-block stk-79e2c80\" data-block-id=\"79e2c80\"><figure><span class=\"stk-img-wrapper stk-image--shape-stretch\"><img loading=\"lazy\" decoding=\"async\" class=\"stk-img wp-image-1053\" src=\"http:\/\/tazasgg.com\/wp-content\/uploads\/2023\/12\/AlbedoBase_XL_cup_after_breaking_on_the_floor_0.jpg\" width=\"1024\" height=\"768\" srcset=\"https:\/\/tazasgg.com\/wp-content\/uploads\/2023\/12\/AlbedoBase_XL_cup_after_breaking_on_the_floor_0.jpg 1024w, https:\/\/tazasgg.com\/wp-content\/uploads\/2023\/12\/AlbedoBase_XL_cup_after_breaking_on_the_floor_0-300x225.jpg 300w, https:\/\/tazasgg.com\/wp-content\/uploads\/2023\/12\/AlbedoBase_XL_cup_after_breaking_on_the_floor_0-768x576.jpg 768w, https:\/\/tazasgg.com\/wp-content\/uploads\/2023\/12\/AlbedoBase_XL_cup_after_breaking_on_the_floor_0-600x450.jpg 600w\" sizes=\"auto, (max-width: 1024px) 100vw, 1024px\" \/><\/span><\/figure><\/div><\/div><\/div><\/div>\n\n<div class=\"wp-block-stackable-column stk-block-column stk-column stk-block stk-3e9fb72\" data-v=\"4\" data-block-id=\"3e9fb72\"><style>.stk-3e9fb72-container{margin-top:0px !important;margin-right:0px !important;margin-bottom:0px !important;margin-left:0px !important}<\/style><div class=\"stk-column-wrapper stk-block-column__content stk-container stk-3e9fb72-container stk--no-background stk--no-padding\"><div class=\"stk-block-content stk-inner-blocks stk-3e9fb72-inner-blocks\"><div class=\"wp-block-stackable-image stk-block-image stk-block stk-ddeb3ae\" data-block-id=\"ddeb3ae\"><style>.stk-ddeb3ae{margin-bottom:20px !important}<\/style><figure><span class=\"stk-img-wrapper stk-image--shape-stretch\"><img loading=\"lazy\" decoding=\"async\" class=\"stk-img wp-image-1054\" src=\"http:\/\/tazasgg.com\/wp-content\/uploads\/2023\/12\/AlbedoBase_XL_cup_falling_into_the_void_before_breaking_on_the_1.jpg\" width=\"1024\" height=\"768\" srcset=\"https:\/\/tazasgg.com\/wp-content\/uploads\/2023\/12\/AlbedoBase_XL_cup_falling_into_the_void_before_breaking_on_the_1.jpg 1024w, https:\/\/tazasgg.com\/wp-content\/uploads\/2023\/12\/AlbedoBase_XL_cup_falling_into_the_void_before_breaking_on_the_1-300x225.jpg 300w, https:\/\/tazasgg.com\/wp-content\/uploads\/2023\/12\/AlbedoBase_XL_cup_falling_into_the_void_before_breaking_on_the_1-768x576.jpg 768w, https:\/\/tazasgg.com\/wp-content\/uploads\/2023\/12\/AlbedoBase_XL_cup_falling_into_the_void_before_breaking_on_the_1-600x450.jpg 600w\" sizes=\"auto, (max-width: 1024px) 100vw, 1024px\" \/><\/span><\/figure><\/div>\n\n<div class=\"wp-block-stackable-image stk-block-image stk-block stk-4036a13\" data-block-id=\"4036a13\"><figure><span class=\"stk-img-wrapper stk-image--shape-stretch\"><img loading=\"lazy\" decoding=\"async\" class=\"stk-img wp-image-1055\" src=\"http:\/\/tazasgg.com\/wp-content\/uploads\/2023\/12\/AlbedoBase_XL_cup_falling_into_the_void_before_breaking_1.jpg\" width=\"1024\" height=\"768\" srcset=\"https:\/\/tazasgg.com\/wp-content\/uploads\/2023\/12\/AlbedoBase_XL_cup_falling_into_the_void_before_breaking_1.jpg 1024w, https:\/\/tazasgg.com\/wp-content\/uploads\/2023\/12\/AlbedoBase_XL_cup_falling_into_the_void_before_breaking_1-300x225.jpg 300w, https:\/\/tazasgg.com\/wp-content\/uploads\/2023\/12\/AlbedoBase_XL_cup_falling_into_the_void_before_breaking_1-768x576.jpg 768w, https:\/\/tazasgg.com\/wp-content\/uploads\/2023\/12\/AlbedoBase_XL_cup_falling_into_the_void_before_breaking_1-600x450.jpg 600w\" sizes=\"auto, (max-width: 1024px) 100vw, 1024px\" \/><\/span><\/figure><\/div><\/div><\/div><\/div><\/div><\/div><\/div><\/div><\/div><\/div><\/div><p>* Para reponer una taza, se cobrar\u00e1 el valor de la taza, la impresi\u00f3n y los gastos de env\u00edo; No se repone el certificado de autenticidad.<\/p><div class=\"wp-block-stackable-columns stk-block-columns stk-block stk-8c9dba4\" data-block-id=\"8c9dba4\"><div class=\"stk-row stk-inner-blocks stk-block-content stk-content-align stk-8c9dba4-column\"><div class=\"wp-block-stackable-column stk-block-column stk-column stk-block stk-82b0d53\" data-v=\"4\" data-block-id=\"82b0d53\"><div class=\"stk-column-wrapper stk-block-column__content stk-container stk-82b0d53-container stk--no-background stk--no-padding\"><div class=\"stk-block-content stk-inner-blocks stk-82b0d53-inner-blocks\"><div class=\"wp-block-stackable-image stk-block-image stk-block stk-c1bd030\" data-block-id=\"c1bd030\"><figure><span class=\"stk-img-wrapper stk-image--shape-stretch\"><img loading=\"lazy\" decoding=\"async\" class=\"stk-img wp-image-583\" src=\"http:\/\/tazasgg.com\/wp-content\/uploads\/2023\/11\/3049-Girasol-2.png\" width=\"2000\" height=\"2000\" srcset=\"https:\/\/tazasgg.com\/wp-content\/uploads\/2023\/11\/3049-Girasol-2.png 2000w, https:\/\/tazasgg.com\/wp-content\/uploads\/2023\/11\/3049-Girasol-2-300x300.png 300w, https:\/\/tazasgg.com\/wp-content\/uploads\/2023\/11\/3049-Girasol-2-1024x1024.png 1024w, https:\/\/tazasgg.com\/wp-content\/uploads\/2023\/11\/3049-Girasol-2-150x150.png 150w, https:\/\/tazasgg.com\/wp-content\/uploads\/2023\/11\/3049-Girasol-2-768x768.png 768w, https:\/\/tazasgg.com\/wp-content\/uploads\/2023\/11\/3049-Girasol-2-1536x1536.png 1536w, https:\/\/tazasgg.com\/wp-content\/uploads\/2023\/11\/3049-Girasol-2-500x500.png 500w, https:\/\/tazasgg.com\/wp-content\/uploads\/2023\/11\/3049-Girasol-2-600x600.png 600w, https:\/\/tazasgg.com\/wp-content\/uploads\/2023\/11\/3049-Girasol-2-100x100.png 100w\" sizes=\"auto, (max-width: 2000px) 100vw, 2000px\" \/><\/span><\/figure><\/div><\/div><\/div><\/div>\n\n<div class=\"wp-block-stackable-column stk-block-column stk-column stk-block stk-dc7c2b4\" data-v=\"4\" data-block-id=\"dc7c2b4\"><div class=\"stk-column-wrapper stk-block-column__content stk-container stk-dc7c2b4-container stk--no-background stk--no-padding\"><div class=\"stk-block-content stk-inner-blocks stk-dc7c2b4-inner-blocks\"><div class=\"wp-block-stackable-card stk-block-card stk-block stk-915abc7 is-style-default\" data-v=\"2\" data-block-id=\"915abc7\"><style>.stk-915abc7 .stk-block-card__image{height:510px !important}<\/style><div class=\"stk--no-padding stk-container stk-915abc7-container stk-hover-parent\"><figure class=\"stk-block-card__image stk-img-wrapper stk-image--shape-stretch\"><img loading=\"lazy\" decoding=\"async\" class=\"stk-img wp-image-554\" src=\"http:\/\/tazasgg.com\/wp-content\/uploads\/2023\/11\/Tazas-Gourmet-Gallery-1-1.png\" width=\"960\" height=\"960\" alt=\"Mas que una Taza\"\/><\/figure><div class=\"stk-container-padding stk-block-card__content\"><div class=\"stk-block-content stk-inner-blocks stk-915abc7-inner-blocks\"><div class=\"wp-block-stackable-heading stk-block-heading stk-block-heading--v2 stk-block stk-cc9c6ca\" id=\"agrega-lo-que-quieras-a-la-taza-que-mas-te-guste\" data-block-id=\"cc9c6ca\"><h2 class=\"stk-block-heading__text\">Agrega lo que quieras a la taza que mas te guste!<\/h2><\/div>\n\n<div class=\"wp-block-stackable-subtitle stk-block-subtitle stk-block stk-cfb7cd6\" data-block-id=\"cfb7cd6\"><p class=\"stk-block-subtitle__text stk-subtitle\">Cualquier Imagen, Texto, logotipo o Fotograf\u00eda<\/p><\/div>\n\n<div class=\"wp-block-stackable-text stk-block-text stk-block stk-c763067\" data-block-id=\"c763067\"><p class=\"stk-block-text__text\">Uno de nuestros servicios adicionales es ayudarte a crear una taza muy personalizada para tu bautizo, empresa, y\/o uso personal. Ademas de esto podemos generar un folio para que sean exclusivas e irrepetibles.<\/p><\/div>\n\n<div class=\"wp-block-stackable-button-group stk-block-button-group stk-block stk-1e40a1c\" data-block-id=\"1e40a1c\"><div class=\"stk-row stk-inner-blocks stk-block-content stk-button-group\"><div class=\"wp-block-stackable-button stk-block-button stk-block stk-335883b\" data-block-id=\"335883b\"><a class=\"stk-link stk-button stk--hover-effect-darken\" href=\"https:\/\/tazasgg.com\/index.php\/producto\/frases-inventores-copia\/\"><span class=\"stk-button__inner-text\">Mas Informaci\u00f3n<\/span><\/a><\/div><\/div><\/div><\/div><\/div><\/div><\/div><\/div><\/div><\/div><\/div><\/div>","protected":false},"excerpt":{"rendered":"<p>Servicios Adicionales Tu taza sufri\u00f3 un accidente? En Tazas Gourmet Gallery, sabemos que tu taza es algo muy preciado. Por ese motivo, si tienes una taza serie Gold y se da\u00f1\u00f3, puedes adquirir una nueva, solo env\u00edanos tu nombre, una foto de la taza da\u00f1ada; Nosotros con gusto reponemos la taza que tanto amas y [&hellip;]<\/p>\n","protected":false},"author":1,"featured_media":0,"parent":0,"menu_order":0,"comment_status":"closed","ping_status":"closed","template":"","meta":{"footnotes":""},"class_list":["post-561","page","type-page","status-publish","hentry"],"blocksy_meta":{"styles_descriptor":{"styles":{"desktop":"","tablet":"","mobile":""},"google_fonts":[],"version":6},"page_title_panel":"","has_hero_section":"disabled","1b1bc510da0b5a88cb9b7ed93f00c629":"","hero_section":"type-1","hero_elements":[{"id":"custom_title","enabled":true,"heading_tag":"h1","title":"Home"},{"id":"custom_description","enabled":true,"description_visibility":{"desktop":true,"tablet":true,"mobile":false}},{"id":"custom_meta","enabled":false,"meta_elements":[{"id":"author","enabled":true,"label":"By","has_author_avatar":"yes","avatar_size":25},{"id":"post_date","enabled":true,"label":"On","date_format_source":"default","date_format":"M j, Y"},{"id":"updated_date","enabled":false,"label":"On","date_format_source":"default","date_format":"M j, Y"},{"id":"categories","enabled":false,"label":"In","style":"simple"},{"id":"comments","enabled":true}],"page_meta_elements":{"joined":true,"articles_count":true,"comments":true}},{"id":"breadcrumbs","enabled":false}],"286cfdb6c0241dcaa15535495e883135":"","hero_alignment1":"CT_CSS_SKIP_RULE","hero_margin":40,"hero_alignment2":"center","hero_vertical_alignment":"center","84b0928854319ab1b56ce62e7e313d0e":"","hero_structure":"narrow","c4112b1d77055bcc79fd907551fab6d0":"","page_title_bg_type":"featured_image","custom_hero_background":{"attachment_id":null},"page_title_image_size":"full","parallax":{"desktop":false,"tablet":false,"mobile":false},"9ea6040429a2faf21ad1412e3c6fa02a":"","hero_height":"250px","pageTitleFont":{"family":"Default","variation":"Default","size":"30px","line-height":"CT_CSS_SKIP_RULE","letter-spacing":"CT_CSS_SKIP_RULE","text-transform":"CT_CSS_SKIP_RULE","text-decoration":"CT_CSS_SKIP_RULE"},"pageTitleFontColor":{"default":{"color":"CT_CSS_SKIP_RULEDEFAULT"}},"pageMetaFont":{"family":"Default","variation":"n6","size":"12px","line-height":"1.3","letter-spacing":"CT_CSS_SKIP_RULE","text-transform":"uppercase","text-decoration":"CT_CSS_SKIP_RULE"},"pageMetaFontColor":{"default":{"color":"CT_CSS_SKIP_RULEDEFAULT"},"hover":{"color":"CT_CSS_SKIP_RULEDEFAULT"}},"page_meta_button_type_font_colors":{"default":{"color":"CT_CSS_SKIP_RULEDEFAULT"},"hover":{"color":"CT_CSS_SKIP_RULEDEFAULT"}},"page_meta_button_type_background_colors":{"default":{"color":"CT_CSS_SKIP_RULEDEFAULT"},"hover":{"color":"CT_CSS_SKIP_RULEDEFAULT"}},"pageExcerptFont":{"family":"Default","variation":"Default","size":"CT_CSS_SKIP_RULE","line-height":"CT_CSS_SKIP_RULE","letter-spacing":"CT_CSS_SKIP_RULE","text-transform":"CT_CSS_SKIP_RULE","text-decoration":"CT_CSS_SKIP_RULE"},"pageExcerptColor":{"default":{"color":"CT_CSS_SKIP_RULEDEFAULT"}},"breadcrumbsFont":{"family":"Default","variation":"Default","size":"CT_CSS_SKIP_RULE","line-height":"CT_CSS_SKIP_RULE","letter-spacing":"CT_CSS_SKIP_RULE","text-transform":"CT_CSS_SKIP_RULE","text-decoration":"CT_CSS_SKIP_RULE"},"breadcrumbsFontColor":{"default":{"color":"CT_CSS_SKIP_RULEDEFAULT"},"initial":{"color":"CT_CSS_SKIP_RULEDEFAULT"},"hover":{"color":"CT_CSS_SKIP_RULEDEFAULT"}},"pageTitleOverlay":{"background_type":"color","background_pattern":"type-1","background_image":{"attachment_id":null,"x":0,"y":0},"gradient":"linear-gradient(135deg,rgba(6,147,227,1) 0%,rgb(155,81,224) 100%)","background_repeat":"repeat","background_size":"auto","background_attachment":"scroll","patternColor":{"default":{"color":"#e5e7ea"}},"overlayColor":{"default":{"color":"CT_CSS_SKIP_RULE"}},"backgroundColor":{"default":{"color":"CT_CSS_SKIP_RULE"}}},"pageTitleBackground":{"background_type":"color","background_pattern":"type-1","background_image":{"attachment_id":null,"x":0,"y":0},"gradient":"linear-gradient(135deg,rgba(6,147,227,1) 0%,rgb(155,81,224) 100%)","background_repeat":"repeat","background_size":"auto","background_attachment":"scroll","patternColor":{"default":{"color":"#e5e7ea"}},"overlayColor":{"default":{"color":"CT_CSS_SKIP_RULE"}},"backgroundColor":{"default":{"color":"var(--paletteColor6)"}}},"pageTitlePadding":{"top":"50px","bottom":"50px","left":"auto","right":"auto","linked":true},"d2810a35cbd0d7e0f622494ed16f3d6c":"","page_structure_type":"default","a13a10446dca4b96bf4a75313dd6d445":"","content_style_source":"inherit","content_style":"wide","vertical_spacing_source":"custom","content_area_spacing":"none","background":{"background_type":"color","background_pattern":"type-1","background_image":{"attachment_id":null,"x":0,"y":0},"gradient":"linear-gradient(135deg,rgba(6,147,227,1) 0%,rgb(155,81,224) 100%)","background_repeat":"repeat","background_size":"auto","background_attachment":"scroll","patternColor":{"default":{"color":"#e5e7ea"}},"overlayColor":{"default":{"color":"CT_CSS_SKIP_RULE"}},"backgroundColor":{"default":{"color":"CT_CSS_SKIP_RULE"}}},"content_background":{"background_type":"color","background_pattern":"type-1","background_image":{"attachment_id":null,"x":0,"y":0},"gradient":"linear-gradient(135deg,rgba(6,147,227,1) 0%,rgb(155,81,224) 100%)","background_repeat":"repeat","background_size":"auto","background_attachment":"scroll","patternColor":{"default":{"color":"#e5e7ea"}},"overlayColor":{"default":{"color":"CT_CSS_SKIP_RULE"}},"backgroundColor":{"default":{"color":"var(--paletteColor8)"}}},"content_boxed_shadow":{"inherit":false,"blur":18,"spread":-6,"v_offset":12,"h_offset":0,"inset":false,"enable":true,"color":{"color":"rgba(34, 56, 101, 0.04)"}},"boxed_content_spacing":{"desktop":{"top":"40px","bottom":"40px","left":"40px","right":"40px","linked":true},"tablet":{"top":"35px","bottom":"35px","left":"35px","right":"35px","linked":true},"mobile":{"top":"20px","bottom":"20px","left":"20px","right":"20px","linked":true}},"content_boxed_radius":{"top":"3px","bottom":"3px","left":"3px","right":"3px","linked":true},"dcc8d3a762d7b0ff9c0a8b95b660c9c6":"","disable_featured_image":"no","disable_share_box":"no","disable_header":"no","disable_footer":"no"},"_links":{"self":[{"href":"https:\/\/tazasgg.com\/index.php\/wp-json\/wp\/v2\/pages\/561","targetHints":{"allow":["GET"]}}],"collection":[{"href":"https:\/\/tazasgg.com\/index.php\/wp-json\/wp\/v2\/pages"}],"about":[{"href":"https:\/\/tazasgg.com\/index.php\/wp-json\/wp\/v2\/types\/page"}],"author":[{"embeddable":true,"href":"https:\/\/tazasgg.com\/index.php\/wp-json\/wp\/v2\/users\/1"}],"replies":[{"embeddable":true,"href":"https:\/\/tazasgg.com\/index.php\/wp-json\/wp\/v2\/comments?post=561"}],"version-history":[{"count":11,"href":"https:\/\/tazasgg.com\/index.php\/wp-json\/wp\/v2\/pages\/561\/revisions"}],"predecessor-version":[{"id":1576,"href":"https:\/\/tazasgg.com\/index.php\/wp-json\/wp\/v2\/pages\/561\/revisions\/1576"}],"wp:attachment":[{"href":"https:\/\/tazasgg.com\/index.php\/wp-json\/wp\/v2\/media?parent=561"}],"curies":[{"name":"wp","href":"https:\/\/api.w.org\/{rel}","templated":true}]}}