{"id":1324,"date":"2023-12-27T20:00:42","date_gmt":"2023-12-28T02:00:42","guid":{"rendered":"https:\/\/tazasgg.com\/?post_type=product&#038;p=1324"},"modified":"2024-10-26T13:44:19","modified_gmt":"2024-10-26T19:44:19","slug":"frases-anonimas-7","status":"publish","type":"product","link":"https:\/\/tazasgg.com\/index.php\/producto\/frases-anonimas-7\/","title":{"rendered":"Frases An\u00f3nimas"},"content":{"rendered":"<p style=\"margin: 0in; font-family: CentraNube; font-size: 20.0pt; color: black;\"><span style=\"font-weight: bold;\">T\u00edtulo: Succes is not<\/span><\/p>\n<p style=\"margin: 0in; font-family: CentraNube; font-size: 20.0pt; color: black;\"><span style=\"font-weight: bold;\">Tazas Serie Frases<\/span><\/p>\n<p>Lo cl\u00e1sico en excelente calidad llega a ti con las nuevas tazas de 11oz, que ofrecen un dise\u00f1o tradicional y apariencia de lujo con su calidad Triple A.<\/p>\n<p>Elaboradas con cer\u00e1mica de primera calidad que les otorga un espectacular color blanco puro, brillante; modelo retro con gran capacidad.<\/p>\n<p>\u00c9ste producto esta recubierto de pol\u00edmero fabricado a base de agua amable con el medio ambiente, tecnolog\u00eda \u00fanica patentada por Color Make\u2122, resiste hasta 300 grados de temperatura sin hacerse amarilla. Elaborada con cer\u00e1mica de primera que le otorga un espectacular color blanco puro y mate y belleza de modelo retro<\/p>\n<hr \/>\n<h3 style=\"margin: 0in; font-family: CentraNube; font-size: 11.25pt; color: black;\"><strong>Taza 11oz Recta<\/strong><\/h3>\n<p>&#8211; Cer\u00e1mica de primera procesada en ambiente de cero part\u00edculas.<br \/>\n&#8211; Color: blanco puro mate, Calidad AAA<br \/>\n&#8211; Recubierta con pol\u00edmero de formulaci\u00f3n exclusiva de Color Make\u2122.<br \/>\n&#8211; Capacidad de 11 Oz.<br \/>\n&#8211; Alto: 9.7cm<br \/>\n&#8211; Di\u00e1metro externo: 8.3cm<\/p>\n<p style=\"margin: 0in; font-family: CentraNube; font-size: 11.25pt; color: black;\">Interior Blanco<\/p>\n<p style=\"margin: 0in; font-family: CentraNube; font-size: 11.25pt; color: black;\">Apto para lavavajillas y Microondas<\/p>\n","protected":false},"excerpt":{"rendered":"<p>Taza Recta con capacidad de 11 oz.<\/p>\n<p>Ingl\u00e9s-Espa\u00f1ol<\/p>\n<div dir=\"ltr\">\n<div class=\"input-box\" spellcheck=\"false\">\n<div id=\"waffle-rich-text-editor\" class=\"cell-input editable\" dir=\"ltr\" tabindex=\"0\" role=\"combobox\" contenteditable=\"true\" aria-autocomplete=\"list\" aria-label=\"B119\">Success is not final, failure is not fatal: It is the courage to continue that counts \/ El \u00e9xito no es definitivo, el fracaso no es fatal: es el coraje para continuar lo que cuenta<\/div>\n<\/div>\n<\/div>\n","protected":false},"featured_media":1328,"comment_status":"closed","ping_status":"closed","template":"","meta":[],"product_brand":[],"product_cat":[52,50],"product_tag":[49],"class_list":{"0":"post-1324","1":"product","2":"type-product","3":"status-publish","4":"has-post-thumbnail","6":"product_cat-11oz","7":"product_cat-fiap","8":"product_tag-esp","10":"first","11":"instock","12":"taxable","13":"shipping-taxable","14":"purchasable","15":"product-type-simple"},"_links":{"self":[{"href":"https:\/\/tazasgg.com\/index.php\/wp-json\/wp\/v2\/product\/1324","targetHints":{"allow":["GET"]}}],"collection":[{"href":"https:\/\/tazasgg.com\/index.php\/wp-json\/wp\/v2\/product"}],"about":[{"href":"https:\/\/tazasgg.com\/index.php\/wp-json\/wp\/v2\/types\/product"}],"replies":[{"embeddable":true,"href":"https:\/\/tazasgg.com\/index.php\/wp-json\/wp\/v2\/comments?post=1324"}],"wp:featuredmedia":[{"embeddable":true,"href":"https:\/\/tazasgg.com\/index.php\/wp-json\/wp\/v2\/media\/1328"}],"wp:attachment":[{"href":"https:\/\/tazasgg.com\/index.php\/wp-json\/wp\/v2\/media?parent=1324"}],"wp:term":[{"taxonomy":"product_brand","embeddable":true,"href":"https:\/\/tazasgg.com\/index.php\/wp-json\/wp\/v2\/product_brand?post=1324"},{"taxonomy":"product_cat","embeddable":true,"href":"https:\/\/tazasgg.com\/index.php\/wp-json\/wp\/v2\/product_cat?post=1324"},{"taxonomy":"product_tag","embeddable":true,"href":"https:\/\/tazasgg.com\/index.php\/wp-json\/wp\/v2\/product_tag?post=1324"}],"curies":[{"name":"wp","href":"https:\/\/api.w.org\/{rel}","templated":true}]}}