{"id":3087,"date":"2024-11-29T13:21:06","date_gmt":"2024-11-29T19:21:06","guid":{"rendered":"https:\/\/tazasgg.com\/?post_type=product&#038;p=3087"},"modified":"2024-11-29T13:53:17","modified_gmt":"2024-11-29T19:53:17","slug":"pack-de-4-tazas-noche-buena-rosa-mexicana","status":"publish","type":"product","link":"https:\/\/tazasgg.com\/index.php\/producto\/pack-de-4-tazas-noche-buena-rosa-mexicana\/","title":{"rendered":"Pack de 4 tazas Noche Buena Rosa Mexicana"},"content":{"rendered":"<p style=\"margin: 0in; font-family: CentraNube; font-size: 20.0pt; color: black;\"><span style=\"font-weight: bold;\">T\u00edtulo: Noche Buena Rosa Mexicana<\/span><\/p>\n<p style=\"margin: 0in; font-family: CentraNube; font-size: 20.0pt; color: black;\"><span style=\"font-weight: bold;\">Tazas Serie 11 oz PAck de 4 pz<\/span><\/p>\n<p>Lo cl\u00e1sico en excelente calidad llega a ti con las nuevas tazas de 11oz, que ofrecen un dise\u00f1o tradicional y apariencia de lujo con su calidad Triple A.<\/p>\n<p>Elaboradas con cer\u00e1mica de primera calidad que les otorga un espectacular color blanco puro, brillante; modelo retro con gran capacidad.<\/p>\n<p>\u00c9ste producto esta recubierto de pol\u00edmero fabricado a base de agua amable con el medio ambiente, tecnolog\u00eda \u00fanica patentada por Color Make\u2122, resiste hasta 300 grados de temperatura sin hacerse amarilla. Elaborada con cer\u00e1mica de primera que le otorga un espectacular color blanco puro y mate y belleza de modelo retro<\/p>\n<hr \/>\n<h3 style=\"margin: 0in; font-family: CentraNube; font-size: 11.25pt; color: black;\"><strong>Taza 11oz Recta<\/strong><\/h3>\n<p>&#8211; Cer\u00e1mica de primera procesada en ambiente de cero part\u00edculas.<br \/>\n&#8211; Color: blanco puro mate, Calidad AAA<br \/>\n&#8211; Recubierta con pol\u00edmero de formulaci\u00f3n exclusiva de Color Make\u2122.<br \/>\n&#8211; Capacidad de 11 Oz.<br \/>\n&#8211; Alto: 9.7cm<br \/>\n&#8211; Di\u00e1metro externo: 8.3cm<\/p>\n<p style=\"margin: 0in; font-family: CentraNube; font-size: 11.25pt; color: black;\">Interior Blanco<\/p>\n<p style=\"margin: 0in; font-family: CentraNube; font-size: 11.25pt; color: black;\">Apto para lavavajillas y Microondas<\/p>\n","protected":false},"excerpt":{"rendered":"<p>Taza Recta con capacidad de 11 oz.<\/p>\n<p>Noche Buena Rosa Mexicana 4 piezas<\/p>\n","protected":false},"featured_media":3091,"comment_status":"open","ping_status":"closed","template":"","meta":[],"product_brand":[],"product_cat":[63],"product_tag":[49],"class_list":{"0":"post-3087","1":"product","2":"type-product","3":"status-publish","4":"has-post-thumbnail","6":"product_cat-oep","7":"product_tag-esp","8":"product_shipping_class-paquete_tazas","10":"first","11":"instock","12":"taxable","13":"shipping-taxable","14":"purchasable","15":"product-type-simple"},"_links":{"self":[{"href":"https:\/\/tazasgg.com\/index.php\/wp-json\/wp\/v2\/product\/3087","targetHints":{"allow":["GET"]}}],"collection":[{"href":"https:\/\/tazasgg.com\/index.php\/wp-json\/wp\/v2\/product"}],"about":[{"href":"https:\/\/tazasgg.com\/index.php\/wp-json\/wp\/v2\/types\/product"}],"replies":[{"embeddable":true,"href":"https:\/\/tazasgg.com\/index.php\/wp-json\/wp\/v2\/comments?post=3087"}],"wp:featuredmedia":[{"embeddable":true,"href":"https:\/\/tazasgg.com\/index.php\/wp-json\/wp\/v2\/media\/3091"}],"wp:attachment":[{"href":"https:\/\/tazasgg.com\/index.php\/wp-json\/wp\/v2\/media?parent=3087"}],"wp:term":[{"taxonomy":"product_brand","embeddable":true,"href":"https:\/\/tazasgg.com\/index.php\/wp-json\/wp\/v2\/product_brand?post=3087"},{"taxonomy":"product_cat","embeddable":true,"href":"https:\/\/tazasgg.com\/index.php\/wp-json\/wp\/v2\/product_cat?post=3087"},{"taxonomy":"product_tag","embeddable":true,"href":"https:\/\/tazasgg.com\/index.php\/wp-json\/wp\/v2\/product_tag?post=3087"}],"curies":[{"name":"wp","href":"https:\/\/api.w.org\/{rel}","templated":true}]}}